{"id":6267,"date":"2022-06-28T16:20:35","date_gmt":"2022-06-28T14:20:35","guid":{"rendered":"https:\/\/www.mariaanasanz.es\/el-centro\/organizacion-de-centro\/equipo-directivo\/"},"modified":"2025-10-21T14:29:48","modified_gmt":"2025-10-21T12:29:48","slug":"equipo-directivo","status":"publish","type":"page","link":"https:\/\/www.mariaanasanz.es\/eu\/el-centro\/organizacion-de-centro\/equipo-directivo\/","title":{"rendered":"Zuzendaritza Taldea"},"content":{"rendered":"<p>[et_pb_section fb_built=&#8221;1&#8243; _builder_version=&#8221;4.19.1&#8243; _module_preset=&#8221;default&#8221; custom_margin=&#8221;10%||0px||false|false&#8221; custom_padding=&#8221;||0px||false|false&#8221; locked=&#8221;on&#8221; global_colors_info=&#8221;{}&#8221;][et_pb_row custom_padding_last_edited=&#8221;on|phone&#8221; _builder_version=&#8221;4.18.0&#8243; _module_preset=&#8221;default&#8221; custom_padding_tablet=&#8221;&#8221; custom_padding_phone=&#8221;100px||||false|false&#8221; global_colors_info=&#8221;{}&#8221;][et_pb_column type=&#8221;4_4&#8243; _builder_version=&#8221;4.17.4&#8243; _module_preset=&#8221;default&#8221; global_colors_info=&#8221;{}&#8221;][lwp_divi_breadcrumbs home_text=&#8221;Inicio&#8221; font_icon=&#8221;&#x35;||divi||400&#8243; use_before_icon=&#8221;on&#8221; before_icon=&#8221;&#x6d;||divi||400&#8243; _builder_version=&#8221;4.19.1&#8243; _module_preset=&#8221;default&#8221; module_font_size=&#8221;16px&#8221; custom_padding=&#8221;30px||||false|false&#8221; locked=&#8221;off&#8221; global_colors_info=&#8221;{}&#8221;][\/lwp_divi_breadcrumbs][\/et_pb_column][\/et_pb_row][\/et_pb_section][et_pb_section fb_built=&#8221;1&#8243; _builder_version=&#8221;4.17.4&#8243; _module_preset=&#8221;default&#8221; custom_margin=&#8221;0px||||false|false&#8221; custom_padding=&#8221;0px||||false|false&#8221; global_colors_info=&#8221;{}&#8221;][et_pb_row _builder_version=&#8221;4.17.4&#8243; _module_preset=&#8221;default&#8221; global_colors_info=&#8221;{}&#8221;][et_pb_column type=&#8221;4_4&#8243; _builder_version=&#8221;4.17.4&#8243; _module_preset=&#8221;default&#8221; global_colors_info=&#8221;{}&#8221;][et_pb_post_title meta=&#8221;off&#8221; featured_image=&#8221;off&#8221; _builder_version=&#8221;4.17.4&#8243; _module_preset=&#8221;default&#8221; title_font=&#8221;|700|||||||&#8221; title_text_color=&#8221;#393a3a&#8221; title_font_size=&#8221;50px&#8221; global_colors_info=&#8221;{}&#8221;][\/et_pb_post_title][et_pb_text _builder_version=&#8221;4.27.4&#8243; _module_preset=&#8221;default&#8221; text_orientation=&#8221;justified&#8221; global_colors_info=&#8221;{}&#8221;]<\/p>\n<p>Institutuko zuzendaritza-taldea eta gobernu-organo betearazlea zuzendaritzako, zuzendariordetzako, ikasketa-burutzako eta ikastetxeko idazkaritzako hainbat pertsonak osatzen dute.<\/p>\n<p>[\/et_pb_text][et_pb_text admin_label=&#8221;tabla&#8221; module_class=&#8221;tabla&#8221; _builder_version=&#8221;4.27.4&#8243; _module_preset=&#8221;default&#8221; text_font=&#8221;Archivo||||||||&#8221; text_text_color=&#8221;#FFFFFF&#8221; text_font_size=&#8221;18px&#8221; background_color=&#8221;#e1711b&#8221; max_width_phone=&#8221;100%&#8221; max_width_last_edited=&#8221;off|phone&#8221; custom_padding=&#8221;20px|30px|20px|30px|false|false&#8221; custom_padding_tablet=&#8221;20px|30px|20px|30px|false|false&#8221; custom_padding_phone=&#8221;10px|0px|10px|8px|false|false&#8221; custom_padding_last_edited=&#8221;on|phone&#8221; text_font_size_tablet=&#8221;18px&#8221; text_font_size_phone=&#8221;10px&#8221; text_font_size_last_edited=&#8221;on|phone&#8221; global_colors_info=&#8221;{}&#8221;]<\/p>\n<table class=\"tabla\" style=\"height: 138px;\" border=\"0\" cellspacing=\"1\" cellpadding=\"1\">\n<tbody>\n<tr style=\"height: 23px;\">\n<th style=\"text-align: center; height: 23px; width: 492.75px;\" colspan=\"3\" scope=\"col\"><span style=\"color: white; text-transform: uppercase;\">Zuzendaritza-taldearen osaera<\/span><\/th>\n<\/tr>\n<\/tbody>\n<tbody>\n<tr style=\"height: 23px;\">\n<td style=\"height: 23px; width: 111.266px;\"><strong>Zuzendaria<\/strong><\/td>\n<td style=\"height: 23px; width: 168.141px;\">Bego\u00f1a Usach Aldaz\u00e1bal<\/td>\n<td style=\"height: 23px; width: 203.344px;\"><a style=\"color: white;\" href=\"mailto:cimasanz-direc@educacion.navarra.es;\">cimasanz-direc@educacion.navarra.es<\/a><\/td>\n<\/tr>\n<tr style=\"height: 23px;\">\n<td style=\"height: 23px; width: 111.266px;\"><strong>Zuzendariordea<\/strong><\/td>\n<td style=\"height: 23px; width: 168.141px;\">Carmen L\u00f3pez Mazo<\/td>\n<td style=\"height: 23px; width: 203.344px;\"><a style=\"color: white;\" href=\"mailto:cimasanz-vicedir@educacion.navarra.es;\">cimasanz-vicedir@educacion.navarra.es<\/a><\/td>\n<\/tr>\n<tr style=\"height: 23px;\">\n<td style=\"height: 23px; width: 111.266px;\"><strong>Ikasketaburua<\/strong><\/td>\n<td style=\"height: 23px; width: 168.141px;\">Jos\u00e9 Ignacio Cenoz Checa<\/td>\n<td style=\"height: 23px; width: 203.344px;\"><a style=\"color: white;\" href=\"mailto:cimasanz-jestudios@educacion.navarra.es;\">cimasanz-jestudios@educacion.navarra.es<\/a><\/td>\n<\/tr>\n<tr style=\"height: 23px;\">\n<td style=\"height: 23px; width: 111.266px;\"><strong>Ikasketaburua<\/strong><\/td>\n<td style=\"height: 23px; width: 168.141px;\">Arantxa Ayensa Garrido<\/td>\n<td style=\"height: 23px; width: 203.344px;\"><a style=\"color: white;\" href=\"mailto:cimasanz-jestudios2@educacion.navarra.es;\">cimasanz-jestudios2@educacion.navarra.es<\/a><\/td>\n<\/tr>\n<tr style=\"height: 23px;\">\n<td style=\"height: 23px; width: 111.266px;\"><strong>Idazkaria<\/strong><\/td>\n<td style=\"height: 23px; width: 168.141px;\">Ainara Mendia Baraibar<\/td>\n<td style=\"height: 23px; width: 203.344px;\"><a style=\"color: white;\" href=\"mailto:cimasanz-secretari@educacion.navarra.es;\">cimasanz-secretari@educacion.navarra.e<\/a><a style=\"color: white;\" href=\"mailto:cimasanz-secretari@educacion.navarra.es;\">s<\/a><\/td>\n<\/tr>\n<\/tbody>\n<\/table>\n<p>[\/et_pb_text][et_pb_text _builder_version=&#8221;4.27.4&#8243; _module_preset=&#8221;default&#8221; text_orientation=&#8221;justified&#8221; hover_enabled=&#8221;0&#8243; global_colors_info=&#8221;{}&#8221; sticky_enabled=&#8221;0&#8243;]<\/p>\n<p><span class=\"interactive\">Zuzendaritza-taldeko,<\/span>\u00a0<span class=\"interactive\">tutoretzako<\/span>\u00a0<span class=\"interactive\">edo<\/span>\u00a0<span class=\"interactive\">orientazioko<\/span>\u00a0<a href=\"https:\/\/docs.google.com\/spreadsheets\/d\/e\/2PACX-1vTEHkWF9yHYr3L0-Y-TFKNeqaYjm3scfS5Vm08Fs1WLrZIBJCF2YqkQvb0fVOaTJAtwJaxjP2389xol\/pubhtml?gid=182678821&amp;single=true\"><span class=\"interactive\">kideren<\/span>\u00a0<span class=\"interactive\">batekin<\/span>\u00a0<span class=\"interactive\">harremanetan<\/span><\/a>\u00a0<span class=\"interactive\">jarri<\/span>\u00a0<span class=\"interactive\">nahi<\/span>\u00a0<span class=\"interactive\">baduzu,<\/span>\u00a0<span class=\"interactive\">kontsultatu<\/span>\u00a0<span class=\"interactive\">komunikazio-kanal<\/span>\u00a0<span class=\"interactive\">horiek<\/span>\u00a0<span class=\"interactive\">edo<\/span>\u00a0<span class=\"interactive\">hitzartu<\/span>\u00a0<span class=\"interactive\">hitzordua<\/span>\u00a0<span class=\"interactive\">gure<\/span>\u00a0<span class=\"interactive\">kontaktuaren<\/span>\u00a0<span class=\"interactive\">bidez.<\/span><\/p>\n<p>[\/et_pb_text][\/et_pb_column][\/et_pb_row][\/et_pb_section]<\/p>\n","protected":false},"excerpt":{"rendered":"<p><div class=\"et_pb_module lwp_divi_breadcrumbs lwp_divi_breadcrumbs_0\">\n\t\t\t\t\n\t\t\t\t\n\t\t\t\t\n\t\t\t\t\n\t\t\t\t\n\t\t\t\t\n\t\t\t\t<div class=\"et_pb_module_inner\">\n\t\t\t\t\t<div class=\"lwp-breadcrumbs\"><span class=\"before-icon et-pb-icon\">m<\/span> <span class=\"before\"><\/span> <span vocab=\"https:\/\/schema.org\/\" typeof=\"BreadcrumbList\"><span property=\"itemListElement\" typeof=\"ListItem\"><a property=\"item\" typeof=\"WebPage\" href=\"https:\/\/www.mariaanasanz.es\/eu\/\" class=\"home\"><span property=\"name\">Hasiera<\/span><\/a><meta property=\"position\" content=\"1\"><\/span> <span class=\"separator et-pb-icon\">5<\/span> <\/span><\/div>\n\t\t\t\t<\/div>\n\t\t\t<\/div>Institutuko zuzendaritza-taldea eta gobernu-organo betearazlea zuzendaritzako, zuzendariordetzako, ikasketa-burutzako eta ikastetxeko idazkaritzako hainbat pertsonak osatzen dute. Zuzendaritza-taldearen osaera Zuzendaria Bego\u00f1a Usach Aldaz\u00e1bal cimasanz-direc@educacion.navarra.es Zuzendariordea Carmen L\u00f3pez Mazo cimasanz-vicedir@educacion.navarra.es Ikasketaburua Jos\u00e9 Ignacio Cenoz Checa cimasanz-jestudios@educacion.navarra.es Ikasketaburua Arantxa Ayensa Garrido cimasanz-jestudios2@educacion.navarra.es Idazkaria Ainara Mendia Baraibar cimasanz-secretari@educacion.navarra.es Zuzendaritza-taldeko,\u00a0tutoretzako\u00a0edo\u00a0orientazioko\u00a0kideren\u00a0batekin\u00a0harremanetan\u00a0jarri\u00a0nahi\u00a0baduzu,\u00a0kontsultatu\u00a0komunikazio-kanal\u00a0horiek\u00a0edo\u00a0hitzartu\u00a0hitzordua\u00a0gure\u00a0kontaktuaren\u00a0bidez.<\/p>\n","protected":false},"author":1,"featured_media":0,"parent":6252,"menu_order":1,"comment_status":"closed","ping_status":"closed","template":"","meta":{"_acf_changed":false,"_et_pb_use_builder":"on","_et_pb_old_content":"","_et_gb_content_width":"","footnotes":"","_links_to":"","_links_to_target":""},"class_list":["post-6267","page","type-page","status-publish","hentry"],"acf":[],"aioseo_notices":[],"_links":{"self":[{"href":"https:\/\/www.mariaanasanz.es\/eu\/wp-json\/wp\/v2\/pages\/6267","targetHints":{"allow":["GET"]}}],"collection":[{"href":"https:\/\/www.mariaanasanz.es\/eu\/wp-json\/wp\/v2\/pages"}],"about":[{"href":"https:\/\/www.mariaanasanz.es\/eu\/wp-json\/wp\/v2\/types\/page"}],"author":[{"embeddable":true,"href":"https:\/\/www.mariaanasanz.es\/eu\/wp-json\/wp\/v2\/users\/1"}],"replies":[{"embeddable":true,"href":"https:\/\/www.mariaanasanz.es\/eu\/wp-json\/wp\/v2\/comments?post=6267"}],"version-history":[{"count":8,"href":"https:\/\/www.mariaanasanz.es\/eu\/wp-json\/wp\/v2\/pages\/6267\/revisions"}],"predecessor-version":[{"id":7414,"href":"https:\/\/www.mariaanasanz.es\/eu\/wp-json\/wp\/v2\/pages\/6267\/revisions\/7414"}],"up":[{"embeddable":true,"href":"https:\/\/www.mariaanasanz.es\/eu\/wp-json\/wp\/v2\/pages\/6252"}],"wp:attachment":[{"href":"https:\/\/www.mariaanasanz.es\/eu\/wp-json\/wp\/v2\/media?parent=6267"}],"curies":[{"name":"wp","href":"https:\/\/api.w.org\/{rel}","templated":true}]}}